{"id":79,"date":"2021-04-19T15:45:20","date_gmt":"2021-04-19T13:45:20","guid":{"rendered":"http:\/\/laftmv.de\/rueberblick\/?page_id=79"},"modified":"2021-04-26T19:40:05","modified_gmt":"2021-04-26T17:40:05","slug":"kontakt","status":"publish","type":"page","link":"http:\/\/laftmv.de\/rueberblick\/kontakt\/","title":{"rendered":"Kontakt"},"content":{"rendered":"<p>Kontakt LAFT MV &#8211; Gesch\u00e4ftsstelle:<br \/>\nD\u00f6rte Kiehn<br \/>\nSonnenallee 2, 19246 Testorf<br \/>\nTel: 038851 25302<br \/>\nEmail: <a href=\"mailto:info@laftmv.de\">info@laftmv.de<\/a><\/p>\n<p><strong>Kontakt f\u00fcr dieses Projekt:<\/strong><br \/>\nJana Sonnenberg<br \/>\nRieckstra\u00dfe 8a, 17459 Zempin<br \/>\nTel.: 038377 42830<br \/>\nE-Mail: <a href=\"mailto:theater-randfigur@freenet.de\">theater-randfigur@freenet.de<\/a><\/p>\n","protected":false},"excerpt":{"rendered":"<p>Kontakt LAFT MV &#8211; Gesch\u00e4ftsstelle: D\u00f6rte Kiehn Sonnenallee 2, 19246 Testorf Tel: 038851 25302 Email: info@laftmv.de Kontakt f\u00fcr dieses Projekt: Jana Sonnenberg Rieckstra\u00dfe 8a, 17459 Zempin Tel.: 038377 42830 E-Mail: theater-randfigur@freenet.de<\/p>\n <a class=\"more-link\" href=\"http:\/\/laftmv.de\/rueberblick\/kontakt\/\"><span class=\"more-msg\">Weiterlesen &rarr;<\/span><\/a>","protected":false},"author":1,"featured_media":0,"parent":0,"menu_order":8,"comment_status":"closed","ping_status":"closed","template":"","meta":{"footnotes":""},"class_list":["post-79","page","type-page","status-publish","hentry"],"_links":{"self":[{"href":"http:\/\/laftmv.de\/rueberblick\/wp-json\/wp\/v2\/pages\/79","targetHints":{"allow":["GET"]}}],"collection":[{"href":"http:\/\/laftmv.de\/rueberblick\/wp-json\/wp\/v2\/pages"}],"about":[{"href":"http:\/\/laftmv.de\/rueberblick\/wp-json\/wp\/v2\/types\/page"}],"author":[{"embeddable":true,"href":"http:\/\/laftmv.de\/rueberblick\/wp-json\/wp\/v2\/users\/1"}],"replies":[{"embeddable":true,"href":"http:\/\/laftmv.de\/rueberblick\/wp-json\/wp\/v2\/comments?post=79"}],"version-history":[{"count":7,"href":"http:\/\/laftmv.de\/rueberblick\/wp-json\/wp\/v2\/pages\/79\/revisions"}],"predecessor-version":[{"id":278,"href":"http:\/\/laftmv.de\/rueberblick\/wp-json\/wp\/v2\/pages\/79\/revisions\/278"}],"wp:attachment":[{"href":"http:\/\/laftmv.de\/rueberblick\/wp-json\/wp\/v2\/media?parent=79"}],"curies":[{"name":"wp","href":"https:\/\/api.w.org\/{rel}","templated":true}]}}