{"id":43,"date":"2021-04-19T12:19:24","date_gmt":"2021-04-19T10:19:24","guid":{"rendered":"http:\/\/laftmv.de\/rueberblick\/?page_id=43"},"modified":"2021-04-27T09:41:35","modified_gmt":"2021-04-27T07:41:35","slug":"netzwerk-freie-szene-saar-e-v","status":"publish","type":"page","link":"http:\/\/laftmv.de\/rueberblick\/die-verbaende\/netzwerk-freie-szene-saar-e-v\/","title":{"rendered":"NETZWERK FREIE SZENE SAAR E.V."},"content":{"rendered":"<p><img loading=\"lazy\" decoding=\"async\" class=\"alignleft size-full wp-image-179\" style=\"margin-right: 40px; margin-bottom: 10px;\" src=\"http:\/\/laftmv.de\/rueberblick\/wp-content\/uploads\/2021\/04\/logo_saar_frei.png\" alt=\"\" width=\"349\" height=\"142\" srcset=\"http:\/\/laftmv.de\/rueberblick\/wp-content\/uploads\/2021\/04\/logo_saar_frei.png 349w, http:\/\/laftmv.de\/rueberblick\/wp-content\/uploads\/2021\/04\/logo_saar_frei-300x122.png 300w\" sizes=\"auto, (max-width: 349px) 100vw, 349px\" \/>\u2026 ist ein Zusammenschluss von frei und professionell arbeitenden Akteur*innen, Gruppen und Einzelk\u00fcnstler*innen aus den Bereichen Sprechtheater, Performance, Tanz, Musiktheater, Figurentheater, Musik sowie aus der akustischen und bildenden live Kunst.<br \/>\nWir bevorzugen genre\u00fcbergreifende Produktionen, um unserem Publikum die gr\u00f6\u00dftm\u00f6gliche Vielfalt und Heterogenit\u00e4t der Szene zu zeigen.<br \/>\nUnsere Arbeit richtet sich an alle Kulturinteres sierten und Bev\u00f6lkerungsschichten. Wir haben Kindertheater im Programm, bieten dem Musikliebhaber eine ganze Palette verschiedener Musikstile und Richtungen und besch\u00e4ftigen uns in unseren Projekten auch mit aktuellen und zeitgeschichtlichen Themen.<br \/>\nUnser besonderes Augenmerk liegt dabei immer auf der Symbiose und Verschr\u00e4nkung der unterschiedlichen Performancem\u00f6glichkeiten und unsere Mitglieder arbeiten oft sparten\u00fcbergreifend miteinander.<\/p>\n<p><strong>Herausragende Projekte:<\/strong><\/p>\n<ul>\n<li>28. Oktober 2019 ::::: Netzwerkveranstaltung:<br \/>\n<strong>Die Suppe kocht sich nicht allein \/Dialog mit Sch\u00fcrze #1<\/strong><br \/>\nAustausch von Mitgliedern des Netzwerks Freie Szene Saar e.V. mit Verteter*innen der Kulturpolitik des Saarlandes und der Stadt Saarbr\u00fccken<br \/>\nAn einem performativ gestalteten Kochabend wurden kulturpolitische Fragen er\u00f6rtert, Probleme aufgedeckt, H\u00fcrden abgebaut und ein Verst\u00e4ndnis des Berufsbildes der jeweils anderen Seite erreicht. Ein Projekt mit Fortsetzungspotential.<\/li>\n<li>20.04.2020 :::::<br \/>\nDas (virtuelle) <strong>PRODUKTIONSHAUS FREIE SZENE SAAR er\u00f6ffnet JETZT<\/strong> auf unserer facebookseite<br \/>\nDort entstehen seit April erste Produktionen der Netzwerkk\u00fcnstler*innen f\u00fcr den virtuellen Raum.<br \/>\nDas NetzwerkNetzProjekt wird gef\u00f6rdert von der Ministerin f\u00fcr Bildung und Kultur des Saarlands.<\/li>\n<li>14.10.2020 :::::<br \/>\nDas ERSTE Festival des Netzwerk freie Szene Saar: <strong>FREISTIL FESTIVAL<\/strong><br \/>\nEndlich Spielraum in der H\u00fctte! CORONABEDINGT KURZFRISTIG ABGESAGT<br \/>\nDank der Solidarit\u00e4t des Leiters des Weltkulturerbes V\u00f6lklinger H\u00fctte Dr. Ralf Beil sollte erstmals in der Geschichte des Netz werk Freie Szene Saar e.V. ein kollektives Festival stattfinden, das die Potentiale der vielf\u00e4ltigen Szene geb\u00fcndelt pr\u00e4sentiert. Theaterst\u00fccke, St\u00fcckentwicklungen, Tanz und Klangperformances h\u00e4tten genauso zum Programm geh\u00f6rt wie Kindertheater und musikalische Darbietungen. Ein Rahmenprogramm in Form von Diskussionsrunden und K\u00fcnstlerresidenzen h\u00e4tten das Festival abgerundet.<\/li>\n<\/ul>\n<p>Wir, das Netzwerk Freie Szene Saar e.V. stehen in den Startl\u00f6chern f\u00fcr eine \u00fcberregionale Vernetzung und einen Wissens und Erfahr ungsaustausch mit anderen Landesverb\u00e4nden. Vom r\u00dcBERBLICK Projekt erhoffen wir uns innovative Ans\u00e4tze und \u00dcbertragungsm\u00f6glichkeiten aus der darstellenden freien Szene MV\u00b4s, sowie eine kontinuierliche Zusammenarbeit \u00fcber Projektende hinaus.<\/p>\n<p>Zum Vorstand geh\u00f6ren Katharina Bihler, Peter Tiefenbrunner, Claudia Kemmerer und Corinna Preisberg.<\/p>\n<p>Kontakt:<br \/>\nNetzwerk Freie Szene Saar e. V.,<br \/>\nMeerwiesertalweg 26, D 66123 Saarbr\u00fccken<br \/>\nB\u00fcro-Telefon: Harald Finkler Tel: +49 (0) 1520 3164546<br \/>\n<a href=\"http:\/\/www.freieszenesaar.de\" target=\"_blank\" rel=\"noopener\">www.freieszenesaar.de<\/a><\/p>\n","protected":false},"excerpt":{"rendered":"<p>\u2026 ist ein Zusammenschluss von frei und professionell arbeitenden Akteur*innen, Gruppen und Einzelk\u00fcnstler*innen aus den Bereichen Sprechtheater, Performance, Tanz, Musiktheater, Figurentheater, Musik sowie aus der akustischen und bildenden live Kunst. Wir bevorzugen genre\u00fcbergreifende Produktionen, um unserem Publikum die gr\u00f6\u00dftm\u00f6gliche Vielfalt <span class=\"excerpt-dots\">&hellip;<\/span> <a class=\"more-link\" href=\"http:\/\/laftmv.de\/rueberblick\/die-verbaende\/netzwerk-freie-szene-saar-e-v\/\"><span class=\"more-msg\">Weiterlesen &rarr;<\/span><\/a><\/p>\n","protected":false},"author":1,"featured_media":0,"parent":29,"menu_order":0,"comment_status":"closed","ping_status":"closed","template":"","meta":{"footnotes":""},"class_list":["post-43","page","type-page","status-publish","hentry"],"_links":{"self":[{"href":"http:\/\/laftmv.de\/rueberblick\/wp-json\/wp\/v2\/pages\/43","targetHints":{"allow":["GET"]}}],"collection":[{"href":"http:\/\/laftmv.de\/rueberblick\/wp-json\/wp\/v2\/pages"}],"about":[{"href":"http:\/\/laftmv.de\/rueberblick\/wp-json\/wp\/v2\/types\/page"}],"author":[{"embeddable":true,"href":"http:\/\/laftmv.de\/rueberblick\/wp-json\/wp\/v2\/users\/1"}],"replies":[{"embeddable":true,"href":"http:\/\/laftmv.de\/rueberblick\/wp-json\/wp\/v2\/comments?post=43"}],"version-history":[{"count":5,"href":"http:\/\/laftmv.de\/rueberblick\/wp-json\/wp\/v2\/pages\/43\/revisions"}],"predecessor-version":[{"id":183,"href":"http:\/\/laftmv.de\/rueberblick\/wp-json\/wp\/v2\/pages\/43\/revisions\/183"}],"up":[{"embeddable":true,"href":"http:\/\/laftmv.de\/rueberblick\/wp-json\/wp\/v2\/pages\/29"}],"wp:attachment":[{"href":"http:\/\/laftmv.de\/rueberblick\/wp-json\/wp\/v2\/media?parent=43"}],"curies":[{"name":"wp","href":"https:\/\/api.w.org\/{rel}","templated":true}]}}