{"id":41,"date":"2021-04-19T12:18:05","date_gmt":"2021-04-19T10:18:05","guid":{"rendered":"http:\/\/laftmv.de\/rueberblick\/?page_id=41"},"modified":"2021-04-27T09:41:16","modified_gmt":"2021-04-27T07:41:16","slug":"laft-mv-e-v","status":"publish","type":"page","link":"http:\/\/laftmv.de\/rueberblick\/die-verbaende\/laft-mv-e-v\/","title":{"rendered":"LAFT MV e.V."},"content":{"rendered":"<p><strong><img loading=\"lazy\" decoding=\"async\" class=\"alignleft wp-image-170 \" style=\"margin-right: 60px; margin-bottom: 10px;\" src=\"http:\/\/laftmv.de\/rueberblick\/wp-content\/uploads\/2021\/04\/LOGOLAklfrei-300x271.png\" alt=\"\" width=\"176\" height=\"159\" srcset=\"http:\/\/laftmv.de\/rueberblick\/wp-content\/uploads\/2021\/04\/LOGOLAklfrei-300x271.png 300w, http:\/\/laftmv.de\/rueberblick\/wp-content\/uploads\/2021\/04\/LOGOLAklfrei-768x693.png 768w, http:\/\/laftmv.de\/rueberblick\/wp-content\/uploads\/2021\/04\/LOGOLAklfrei-1536x1387.png 1536w, http:\/\/laftmv.de\/rueberblick\/wp-content\/uploads\/2021\/04\/LOGOLAklfrei.png 1625w\" sizes=\"auto, (max-width: 176px) 100vw, 176px\" \/><br \/>\n<\/strong>Der <strong>LANDESVERBAND FREIER THEATER MECKLENBURG-VORPOMMERN\u00a0<\/strong> <strong>e. V.<\/strong> ist die kulturpolitische Vertretung der Theaterschaffenden in MV &#8211; ist ein Treffpunkt des k\u00fcnstlerischen Austausches &#8211; entwickelt Gemeinschaftsinszenierungen &#8211; ber\u00e4t Veranstalter in ihrer Planung und organisiert u. a. das j\u00e4hrlich stattfindende Spiellust-Theaterfestival.<br \/>\nGro\u00dfes Schauspiel und kleine Formen, Tanztheater, Puppenspiel, Kabarett und Stra\u00dfentheater &#8211; in unserem Landesverband pr\u00e4sentiert sich die ganze Bandbreite des Freien Theaters.<\/p>\n<p><strong><br \/>\nLAFT MV in Zahlen<br \/>\n<\/strong>&#8211; Mitglieder (Stand 2020): 24 B\u00fchnen + 1 assoziatives Mitglied ( Br\u00f6llin e.V.)<br \/>\n&#8211; Vorstellungen pro Jahr (Stand 2019): Gesamt: 2080 (in MV: 1560 = 75% \/ au\u00dferhalb MV: 520 = 25%)<br \/>\n&#8211; Zuschauerzahl (durchschn. 70 pro Vorstellung) &#8211; Gesamt: 145.800 (in MV: 109.350 \/au\u00dferhalb MV: 36.450)<\/p>\n<p><strong><br \/>\nAktivit\u00e4ten<\/strong><\/p>\n<ol>\n<li>Festivals:<br \/>\n&#8211; SPIELLUST \/Rostock<br \/>\n&#8211; Theaterfestival\/Rerik<br \/>\n&#8211; FREISPRUNG \/ Nachwuchsfestival Rostock<br \/>\n&#8211; Figurentheaterfestival Vorpommern<br \/>\n&#8211; k\u00fcnstlerische Leitung des FANTAKEL Greifswald durch Laft Mitglied<br \/>\n&#8211; in Planung f\u00fcr 2021: 1.Plattdeutsche Puppentheatertage<\/li>\n<li>Gemeinschaftsproduktionen<br \/>\n&#8211; SAGENHAFT (2015 13 Spieler)<br \/>\n&#8211; MEERLIEBE (2019 16 Spieler)<br \/>\nj\u00e4hrlich mind. 3 gemeinsame Auftritte plus\u00a0 Auftritte mit Teilen des Programms in kleineren Besetzungen<\/li>\n<li>Workshop f\u00fcr die LAFT MV Mitglieder 1x j\u00e4hrlich\/3 Tage<\/li>\n<li>LAFT MV Band OPTIMISTISCHE KURKAPELLE<\/li>\n<li>Mitgliederversammlung mind. 1x j\u00e4hrlich<\/li>\n<li>Bundespolitik: Pr\u00e4senz\/Vertretung beim BFDK durch Mitgliedsb\u00fchnen<\/li>\n<li>Kooperation mit dem Volkstheater Rostock \/ Bespielung der Sparte Puppenspiel<\/li>\n<li>Aufbau und Betreuung von Veranstaltungsreihen durch einzelne Mitgliedsb\u00fchnen<\/li>\n<li>Durchf\u00fchrung von Workshop Angeboten Fortbildungsangebote \/Theaterakademie bzw. Lehrerfortbildunge n durch einzelne Mitglieder<\/li>\n<\/ol>\n<p><strong>Kooperationen im Land mit:<\/strong><\/p>\n<ul>\n<li>LAG Soziokultur<\/li>\n<li>\u201eK\u00fcnstler f\u00fcr Sch\u00fcler\u201c \/ einzelne B\u00fchnen<\/li>\n<li>Volkstheater Rostock<\/li>\n<li>Heimatverband (LAFT MV ist Mitglied)<\/li>\n<li>Regionalen Vereinen (u.a. F\u00f6rderverein Biosph\u00e4re, regionale Kulturvereine etc.) bzgl. Aufbau von Veranstaltungsangeboten<\/li>\n<li>den St\u00e4dten Rerik und Greifswald<\/li>\n<li>Theaterakademie Vorpommern\/einzelne B\u00fchnen<\/li>\n<li>div. Kurverwaltungen<\/li>\n<li>im Aufbau: mit dem Bibliotheksverband MV Vernetz ungen\/Mitgliedschaften<\/li>\n<li>Mitglied im BFDK<\/li>\n<li>Einzelne B\u00fchnen sind Mitglieder im VDP, in der UNIMA<\/li>\n<\/ul>\n<p>\u00dcber unsere Erfahrungen in den Bereichen Vernetzung , Kooperation und Aktivit\u00e4t im Fl\u00e4chenland w\u00fcrden wir uns gerne im Rahmen de s r\u00dcBERBLICK Projektes austauschen. Wir w\u00fcnschen uns Impulse f\u00fcr die Zusammenarbeit mit der Politik (Beispiel \u201eSuppe Projekt \u201c Saar) und hoffen eine andauernde Partnerschaft aufbauen zu k\u00f6nnen, die Austausch und Entwicklung erm\u00f6glicht.<\/p>\n<p>Kontakt Gesch\u00e4ftsstelle :<br \/>\nLAFT MV e.V.<br \/>\nc\/o D\u00f6rte Kiehn, Sonnenallee 2, 19246 Testorf , Tel: 038851 25302<br \/>\n<a href=\"http:\/\/www.laftmv.de\" target=\"_blank\" rel=\"noopener\">www.laftmv.de<\/a><\/p>\n","protected":false},"excerpt":{"rendered":"<p>Der LANDESVERBAND FREIER THEATER MECKLENBURG-VORPOMMERN\u00a0 e. V. ist die kulturpolitische Vertretung der Theaterschaffenden in MV &#8211; ist ein Treffpunkt des k\u00fcnstlerischen Austausches &#8211; entwickelt Gemeinschaftsinszenierungen &#8211; ber\u00e4t Veranstalter in ihrer Planung und organisiert u. a. das j\u00e4hrlich stattfindende Spiellust-Theaterfestival. Gro\u00dfes <span class=\"excerpt-dots\">&hellip;<\/span> <a class=\"more-link\" href=\"http:\/\/laftmv.de\/rueberblick\/die-verbaende\/laft-mv-e-v\/\"><span class=\"more-msg\">Weiterlesen &rarr;<\/span><\/a><\/p>\n","protected":false},"author":1,"featured_media":0,"parent":29,"menu_order":0,"comment_status":"closed","ping_status":"open","template":"","meta":{"footnotes":""},"class_list":["post-41","page","type-page","status-publish","hentry"],"_links":{"self":[{"href":"http:\/\/laftmv.de\/rueberblick\/wp-json\/wp\/v2\/pages\/41","targetHints":{"allow":["GET"]}}],"collection":[{"href":"http:\/\/laftmv.de\/rueberblick\/wp-json\/wp\/v2\/pages"}],"about":[{"href":"http:\/\/laftmv.de\/rueberblick\/wp-json\/wp\/v2\/types\/page"}],"author":[{"embeddable":true,"href":"http:\/\/laftmv.de\/rueberblick\/wp-json\/wp\/v2\/users\/1"}],"replies":[{"embeddable":true,"href":"http:\/\/laftmv.de\/rueberblick\/wp-json\/wp\/v2\/comments?post=41"}],"version-history":[{"count":20,"href":"http:\/\/laftmv.de\/rueberblick\/wp-json\/wp\/v2\/pages\/41\/revisions"}],"predecessor-version":[{"id":290,"href":"http:\/\/laftmv.de\/rueberblick\/wp-json\/wp\/v2\/pages\/41\/revisions\/290"}],"up":[{"embeddable":true,"href":"http:\/\/laftmv.de\/rueberblick\/wp-json\/wp\/v2\/pages\/29"}],"wp:attachment":[{"href":"http:\/\/laftmv.de\/rueberblick\/wp-json\/wp\/v2\/media?parent=41"}],"curies":[{"name":"wp","href":"https:\/\/api.w.org\/{rel}","templated":true}]}}