{"id":29,"date":"2021-04-19T11:35:11","date_gmt":"2021-04-19T09:35:11","guid":{"rendered":"http:\/\/laftmv.de\/rueberblick\/?page_id=29"},"modified":"2021-04-21T00:28:19","modified_gmt":"2021-04-20T22:28:19","slug":"die-verbaende","status":"publish","type":"page","link":"http:\/\/laftmv.de\/rueberblick\/die-verbaende\/","title":{"rendered":"Die Verb\u00e4nde"},"content":{"rendered":"<p><strong><\/p>\n<div class=\"wrc-column-grid wrc-column-grid-2\">\n<div  class=\"wrc-column wrc-column-width-1 wrc-column-start\" >\n<p><a href=\"http:\/\/laftmv.de\/rueberblick\/die-verbaende\/laft-mv-e-v\/\"><img loading=\"lazy\" decoding=\"async\" class=\"wp-image-170 alignnone\" src=\"http:\/\/laftmv.de\/rueberblick\/wp-content\/uploads\/2021\/04\/LOGOLAklfrei.png\" alt=\"\" width=\"238\" height=\"215\" srcset=\"http:\/\/laftmv.de\/rueberblick\/wp-content\/uploads\/2021\/04\/LOGOLAklfrei.png 1625w, http:\/\/laftmv.de\/rueberblick\/wp-content\/uploads\/2021\/04\/LOGOLAklfrei-300x271.png 300w, http:\/\/laftmv.de\/rueberblick\/wp-content\/uploads\/2021\/04\/LOGOLAklfrei-768x693.png 768w, http:\/\/laftmv.de\/rueberblick\/wp-content\/uploads\/2021\/04\/LOGOLAklfrei-1536x1387.png 1536w\" sizes=\"auto, (max-width: 238px) 100vw, 238px\" \/><\/a><\/strong><\/p>\n<p style=\"text-align: left;\">LAFT MV\u00a0 ist die kulturpolitische Vertretung der Theaterschaffenden in MV \u2013 ist ein Treffpunkt des k\u00fcnstlerischen Austausches \u2013 entwickelt Gemeinschaftsinszenierungen \u2013 ber\u00e4t Veranstalter in ihrer Planung und organisiert u. a. das j\u00e4hrlich stattfindende Spiellust-Theaterfestival.<br \/>\nGro\u00dfes Schauspiel und kleine Formen, Tanztheater, Puppenspiel, Kabarett und Stra\u00dfentheater \u2013 in unserem Landesverband pr\u00e4sentiert sich die ganze Bandbreite des Freien Theaters.<br \/>\n<a href=\"http:\/\/laftmv.de\/rueberblick\/die-verbaende\/laft-mv-e-v\/\"><strong>Mehr dazu &gt;&gt;<\/strong><\/a><strong><\/p>\n<\/div>\n<div  class=\"wrc-column wrc-column-width-1 wrc-column-end\" >\n<p><\/strong><\/p>\n<p><strong><br \/>\n<a href=\"http:\/\/laftmv.de\/rueberblick\/die-verbaende\/netzwerk-freie-szene-saar-e-v\/\"><img loading=\"lazy\" decoding=\"async\" class=\"size-full wp-image-179 alignnone\" style=\"margin-bottom: 35px;\" src=\"http:\/\/laftmv.de\/rueberblick\/wp-content\/uploads\/2021\/04\/logo_saar_frei.png\" alt=\"\" width=\"349\" height=\"142\" srcset=\"http:\/\/laftmv.de\/rueberblick\/wp-content\/uploads\/2021\/04\/logo_saar_frei.png 349w, http:\/\/laftmv.de\/rueberblick\/wp-content\/uploads\/2021\/04\/logo_saar_frei-300x122.png 300w\" sizes=\"auto, (max-width: 349px) 100vw, 349px\" \/><\/a><\/strong><\/p>\n<p>Zusammenschluss von frei und professionell arbeitenden Akteur*innen, Gruppen und Einzelk\u00fcnstler*innen aus den Bereichen Sprechtheater, Performance, Tanz, Musiktheater, Figurentheater, Musik sowie aus der akustischen und bildenden live Kunst.<br \/>\nWir bevorzugen genre\u00fcbergreifende Produktionen, um unserem Publikum die gr\u00f6\u00dftm\u00f6gliche Vielfalt und Heterogenit\u00e4t der Szene zu zeigen und unsere Mitglieder arbeiten oft sparten\u00fcbergreifend miteinander.<br \/>\n<a href=\"http:\/\/laftmv.de\/rueberblick\/die-verbaende\/netzwerk-freie-szene-saar-e-v\/\"><strong>Mehr dazu &gt;&gt;<\/strong><\/a><\/p>\n<\/div>\n<\/div>\n<p><!-- .wrc-column-grid --><\/p>\n","protected":false},"excerpt":{"rendered":" <a class=\"more-link\" href=\"http:\/\/laftmv.de\/rueberblick\/die-verbaende\/\"><span class=\"more-msg\">Weiterlesen &rarr;<\/span><\/a>","protected":false},"author":1,"featured_media":0,"parent":0,"menu_order":2,"comment_status":"closed","ping_status":"open","template":"","meta":{"footnotes":""},"class_list":["post-29","page","type-page","status-publish","hentry"],"_links":{"self":[{"href":"http:\/\/laftmv.de\/rueberblick\/wp-json\/wp\/v2\/pages\/29","targetHints":{"allow":["GET"]}}],"collection":[{"href":"http:\/\/laftmv.de\/rueberblick\/wp-json\/wp\/v2\/pages"}],"about":[{"href":"http:\/\/laftmv.de\/rueberblick\/wp-json\/wp\/v2\/types\/page"}],"author":[{"embeddable":true,"href":"http:\/\/laftmv.de\/rueberblick\/wp-json\/wp\/v2\/users\/1"}],"replies":[{"embeddable":true,"href":"http:\/\/laftmv.de\/rueberblick\/wp-json\/wp\/v2\/comments?post=29"}],"version-history":[{"count":39,"href":"http:\/\/laftmv.de\/rueberblick\/wp-json\/wp\/v2\/pages\/29\/revisions"}],"predecessor-version":[{"id":221,"href":"http:\/\/laftmv.de\/rueberblick\/wp-json\/wp\/v2\/pages\/29\/revisions\/221"}],"wp:attachment":[{"href":"http:\/\/laftmv.de\/rueberblick\/wp-json\/wp\/v2\/media?parent=29"}],"curies":[{"name":"wp","href":"https:\/\/api.w.org\/{rel}","templated":true}]}}