{"id":15,"date":"2021-04-18T23:06:12","date_gmt":"2021-04-18T21:06:12","guid":{"rendered":"http:\/\/laftmv.de\/rueberblick\/?page_id=15"},"modified":"2021-06-17T09:40:24","modified_gmt":"2021-06-17T07:40:24","slug":"start","status":"publish","type":"page","link":"http:\/\/laftmv.de\/rueberblick\/","title":{"rendered":"Start"},"content":{"rendered":"\r\n<p><span style=\"font-size: 14pt;\"><span style=\"font-size: 18pt;\">r\u00dcBERBLICK &#8211; Kulturaustausch<\/span><br \/><\/span><span style=\"font-size: 14pt;\">Ein Projekt des LAFT MV e.V. in Zusammenarbeit mit Netzwerk Freie Szene Saar e.V.<\/span><\/p>\r\n<p>Die darstellenden K\u00fcnste stehen derzeit auf dem Abstellgleis, ein j\u00e4her Stopp auf freier Strecke, Weiterfahrt ungewiss&#8230;<br \/>Nun haben sich zwei Landesverb\u00e4nde (MV und Saar) zu diesem Projekt zusammengefunden. Trotz aller Unterschiede stammen beide aus entlegenen Ecken Deutschlands, vertreten \u00e4hnlich strukturschwache Regionen und k\u00e4mpfen mit einer vergleichsweise unterfinanzierten F\u00f6rderstruktur.<\/p>\r\n<p>Geplant wurde das Projekt 2020,\u00a0 Konzept und Vorbereitungen folgten Anfang 2021.<br \/>Im Mai 2021 wollte sich das erste K\u00fcnstlerkollektiv aus M-V auf den Weg ins Saarland machen, der Gegenbesuch sollte im Juni erfolgen.<br \/>Die \u00dcbernachtungen sind gebucht, Verpflegung ist bestellt, spannende Spielorte und lohnende Locations zum Austausch und f\u00fcr gemeinsame Aktionen wurden organisiert &#8230;<\/p>\r\n<p><strong>&#8211;\u00a0\u00a0 LOCK DOWN\u00a0\u00a0 &#8211;<\/strong><\/p>\r\n<p><span style=\"color: #800000;\"><strong>Wir haben alles umgeplant<\/strong><\/span><br \/><strong>und sind uns trotzdem begegnet &#8211; pers\u00f6nlich, hybrid und digital.<\/strong><\/p>\r\n<p>&nbsp;<\/p>\r\n<p><img loading=\"lazy\" decoding=\"async\" class=\"size-medium wp-image-37 alignleft\" src=\"http:\/\/laftmv.de\/rueberblick\/wp-content\/uploads\/2021\/04\/DAKU_Logokombi_04-01-300x109.jpg\" alt=\"\" width=\"300\" height=\"109\" srcset=\"http:\/\/laftmv.de\/rueberblick\/wp-content\/uploads\/2021\/04\/DAKU_Logokombi_04-01-300x109.jpg 300w, http:\/\/laftmv.de\/rueberblick\/wp-content\/uploads\/2021\/04\/DAKU_Logokombi_04-01-768x280.jpg 768w, http:\/\/laftmv.de\/rueberblick\/wp-content\/uploads\/2021\/04\/DAKU_Logokombi_04-01-1536x560.jpg 1536w, http:\/\/laftmv.de\/rueberblick\/wp-content\/uploads\/2021\/04\/DAKU_Logokombi_04-01-2048x746.jpg 2048w\" sizes=\"auto, (max-width: 300px) 100vw, 300px\" \/> <br \/>Gef\u00f6rdert vom Fonds Darstellende K\u00fcnste <br \/>aus Mitteln der Beauftragten der Bundesregierung f\u00fcr Kultur und Medien<\/p>\r\n<p>&nbsp;<\/p>\r\n<p>&nbsp;<\/p>","protected":false},"excerpt":{"rendered":"<p>r\u00dcBERBLICK &#8211; KulturaustauschEin Projekt des LAFT MV e.V. in Zusammenarbeit mit Netzwerk Freie Szene Saar e.V. Die darstellenden K\u00fcnste stehen derzeit auf dem Abstellgleis, ein j\u00e4her Stopp auf freier Strecke, Weiterfahrt ungewiss&#8230;Nun haben sich zwei Landesverb\u00e4nde (MV und Saar) zu <span class=\"excerpt-dots\">&hellip;<\/span> <a class=\"more-link\" href=\"http:\/\/laftmv.de\/rueberblick\/\"><span class=\"more-msg\">Weiterlesen &rarr;<\/span><\/a><\/p>\n","protected":false},"author":1,"featured_media":0,"parent":0,"menu_order":0,"comment_status":"closed","ping_status":"open","template":"","meta":{"footnotes":""},"class_list":["post-15","page","type-page","status-publish","hentry"],"_links":{"self":[{"href":"http:\/\/laftmv.de\/rueberblick\/wp-json\/wp\/v2\/pages\/15","targetHints":{"allow":["GET"]}}],"collection":[{"href":"http:\/\/laftmv.de\/rueberblick\/wp-json\/wp\/v2\/pages"}],"about":[{"href":"http:\/\/laftmv.de\/rueberblick\/wp-json\/wp\/v2\/types\/page"}],"author":[{"embeddable":true,"href":"http:\/\/laftmv.de\/rueberblick\/wp-json\/wp\/v2\/users\/1"}],"replies":[{"embeddable":true,"href":"http:\/\/laftmv.de\/rueberblick\/wp-json\/wp\/v2\/comments?post=15"}],"version-history":[{"count":17,"href":"http:\/\/laftmv.de\/rueberblick\/wp-json\/wp\/v2\/pages\/15\/revisions"}],"predecessor-version":[{"id":1221,"href":"http:\/\/laftmv.de\/rueberblick\/wp-json\/wp\/v2\/pages\/15\/revisions\/1221"}],"wp:attachment":[{"href":"http:\/\/laftmv.de\/rueberblick\/wp-json\/wp\/v2\/media?parent=15"}],"curies":[{"name":"wp","href":"https:\/\/api.w.org\/{rel}","templated":true}]}}