{"id":145,"date":"2021-04-20T15:33:45","date_gmt":"2021-04-20T13:33:45","guid":{"rendered":"http:\/\/laftmv.de\/rueberblick\/?page_id=145"},"modified":"2021-06-25T09:18:39","modified_gmt":"2021-06-25T07:18:39","slug":"mitglieder-clips","status":"publish","type":"page","link":"http:\/\/laftmv.de\/rueberblick\/mitglieder-clips\/","title":{"rendered":"Performance"},"content":{"rendered":"<p>Mitglieder der beiden Landesverb\u00e4nde zeigen Beitr\u00e4ge zu ihrer Arbeit im Rahmen des Projekts <strong>r\u00dcberblick &#8211; Kulturaustausch 2021<\/strong><\/p>\n<p>&nbsp;<\/p>\n<div class=\"wrc-column-grid wrc-column-grid-2\">\n<div  class=\"wrc-column wrc-column-width-1 wrc-column-start\" >\n<p><span style=\"font-size: 14pt;\"><strong>Netzwerk Freie Szene Saar &#8211; Projektwoche Mai 2021<\/strong><\/span><\/p>\n<p><strong><span style=\"font-size: 12pt;\">Tanzworkshop mit B\u00e9reng\u00e8re Brulebois<\/span><\/strong><br \/>\n<span style=\"font-size: 12pt;\">im Saarland und per Zoom-\u00dcbertragung nach M-V<\/span><strong><br \/>\n<\/strong>Film \/ Schnitt: Astrid Karger<\/p>\n<p><iframe loading=\"lazy\" title=\"YouTube video player\" src=\"https:\/\/www.youtube.com\/embed\/ULevsrZo3mo?rel=0&amp;modestbranding=1\" width=\"560\" height=\"315\" frameborder=\"0\" allowfullscreen=\"allowfullscreen\"><\/iframe><\/p>\n<\/div>\n<div  class=\"wrc-column wrc-column-width-1 wrc-column-end\" >\n<p><span style=\"font-size: 14pt;\"><strong>LAFT- MV &#8211; Projektwoche Juni 2021<\/strong><\/span><\/p>\n<p><strong>No-Gos und Fettn\u00e4pfchen in MeckPomm<\/strong> &#8211;<br \/>\noder was Besucher lieber nicht tun und sagen sollten<br \/>\nSpiel: J\u00fcrgen Wicht &#8211; Film \/ Schnitt: Maren Winter<\/p>\n<p><iframe loading=\"lazy\" title=\"YouTube video player\" src=\"https:\/\/www.youtube.com\/embed\/dHaXdXQSEcM?rel=0&amp;modestbranding=1\" width=\"560\" height=\"315\" frameborder=\"0\" allowfullscreen=\"allowfullscreen\"><\/iframe><\/p>\n<\/div>\n<\/div>\n<p><!-- .wrc-column-grid --><\/p>\n<div class=\"wrc-column-grid wrc-column-grid-2\">\n<div  class=\"wrc-column wrc-column-width-1 wrc-column-start\" >\n<p><strong>wollie kaiser &amp; generation y &#8211; bauchweh<br \/>\n<\/strong><span style=\"font-size: 12pt;\">Text: Erich M\u00fchsam, Musik: Wollie Kaiser<\/span><\/p>\n<p><iframe loading=\"lazy\" title=\"YouTube video player\" src=\"https:\/\/www.youtube.com\/embed\/LxOMa3eYzVg?rel=0&amp;modestbranding=1\" width=\"560\" height=\"315\" frameborder=\"0\" allowfullscreen=\"allowfullscreen\"><\/iframe><\/p>\n<\/div>\n<div  class=\"wrc-column wrc-column-width-1 wrc-column-end\" >\n<p><strong>Hiddensee-Sage<\/strong><br \/>\nSpiel: D\u00f6rte Kiehn &amp; Cornelia Unrauh &#8211; Film \/ Schnitt: Maren Winter<\/p>\n<p><iframe loading=\"lazy\" title=\"YouTube video player\" src=\"https:\/\/www.youtube.com\/embed\/kFFoFOoqCWg?rel=0&amp;modestbranding=1\" width=\"560\" height=\"315\" frameborder=\"0\" allowfullscreen=\"allowfullscreen\"><\/iframe><\/p>\n<\/div>\n<\/div>\n<p><!-- .wrc-column-grid --><\/p>\n<div class=\"wrc-column-grid wrc-column-grid-2\">\n<div  class=\"wrc-column wrc-column-width-1 wrc-column-start\" >\n<p><strong><span style=\"font-size: 12pt;\">Bilder von Klaus Harth<br \/>\nmit Motiven aus M-V<br \/>\n<\/span><\/strong><span style=\"font-size: 12pt;\">Zeichnungen und Fotografien entstanden bei einer fr\u00fcheren Reise<\/span><strong><span style=\"font-size: 12pt;\"><br \/>\n<\/span><\/strong><a href=\"https:\/\/www.zeichenblock.info\" target=\"_blank\" rel=\"noopener\"><span style=\"font-size: 12pt;\">https:\/\/www.zeichenblock.info<\/span><\/a><\/p>\n<style type=\"text\/css\">\n\t\t\t#gallery-1 {\n\t\t\t\tmargin: auto;\n\t\t\t}\n\t\t\t#gallery-1 .gallery-item {\n\t\t\t\tfloat: left;\n\t\t\t\tmargin-top: 10px;\n\t\t\t\ttext-align: center;\n\t\t\t\twidth: 33%;\n\t\t\t}\n\t\t\t#gallery-1 img {\n\t\t\t\tborder: 2px solid #cfcfcf;\n\t\t\t}\n\t\t\t#gallery-1 .gallery-caption {\n\t\t\t\tmargin-left: 0;\n\t\t\t}\n\t\t\t\/* see gallery_shortcode() in wp-includes\/media.php *\/\n\t\t<\/style>\n<div id='gallery-1' class='gallery galleryid-145 gallery-columns-3 gallery-size-thumbnail'>\n<dl class='gallery-item'>\n<dt class='gallery-icon landscape'>\n\t\t\t\t<a href='http:\/\/laftmv.de\/rueberblick\/wp-content\/uploads\/2021\/05\/2006_schweriner-see-scaled.jpg'><img loading=\"lazy\" decoding=\"async\" width=\"150\" height=\"150\" src=\"http:\/\/laftmv.de\/rueberblick\/wp-content\/uploads\/2021\/05\/2006_schweriner-see-150x150.jpg\" class=\"attachment-thumbnail size-thumbnail\" alt=\"\" \/><\/a>\n\t\t\t<\/dt>\n<\/dl>\n<dl class='gallery-item'>\n<dt class='gallery-icon landscape'>\n\t\t\t\t<a href='http:\/\/laftmv.de\/rueberblick\/wp-content\/uploads\/2021\/05\/2006_schwer-in-in-schwerin.jpg'><img loading=\"lazy\" decoding=\"async\" width=\"150\" height=\"150\" src=\"http:\/\/laftmv.de\/rueberblick\/wp-content\/uploads\/2021\/05\/2006_schwer-in-in-schwerin-150x150.jpg\" class=\"attachment-thumbnail size-thumbnail\" alt=\"\" \/><\/a>\n\t\t\t<\/dt>\n<\/dl>\n<dl class='gallery-item'>\n<dt class='gallery-icon landscape'>\n\t\t\t\t<a href='http:\/\/laftmv.de\/rueberblick\/wp-content\/uploads\/2021\/05\/2006_see-ohne-wolken-scaled.jpg'><img loading=\"lazy\" decoding=\"async\" width=\"150\" height=\"150\" src=\"http:\/\/laftmv.de\/rueberblick\/wp-content\/uploads\/2021\/05\/2006_see-ohne-wolken-150x150.jpg\" class=\"attachment-thumbnail size-thumbnail\" alt=\"\" \/><\/a>\n\t\t\t<\/dt>\n<\/dl>\n<p><br style=\"clear: both\" \/><\/p>\n<dl class='gallery-item'>\n<dt class='gallery-icon portrait'>\n\t\t\t\t<a href='http:\/\/laftmv.de\/rueberblick\/wp-content\/uploads\/2021\/05\/klaus-vor-haus-klaus-hiddensee_2001.jpg'><img loading=\"lazy\" decoding=\"async\" width=\"150\" height=\"150\" src=\"http:\/\/laftmv.de\/rueberblick\/wp-content\/uploads\/2021\/05\/klaus-vor-haus-klaus-hiddensee_2001-150x150.jpg\" class=\"attachment-thumbnail size-thumbnail\" alt=\"\" srcset=\"http:\/\/laftmv.de\/rueberblick\/wp-content\/uploads\/2021\/05\/klaus-vor-haus-klaus-hiddensee_2001-150x150.jpg 150w, http:\/\/laftmv.de\/rueberblick\/wp-content\/uploads\/2021\/05\/klaus-vor-haus-klaus-hiddensee_2001-300x300.jpg 300w\" sizes=\"auto, (max-width: 150px) 100vw, 150px\" \/><\/a>\n\t\t\t<\/dt>\n<\/dl>\n<dl class='gallery-item'>\n<dt class='gallery-icon landscape'>\n\t\t\t\t<a href='http:\/\/laftmv.de\/rueberblick\/wp-content\/uploads\/2021\/05\/Selbstbildnis-als-Gerhart-Hauptmann-auf-Hiddensee_2001.jpg'><img loading=\"lazy\" decoding=\"async\" width=\"150\" height=\"150\" src=\"http:\/\/laftmv.de\/rueberblick\/wp-content\/uploads\/2021\/05\/Selbstbildnis-als-Gerhart-Hauptmann-auf-Hiddensee_2001-150x150.jpg\" class=\"attachment-thumbnail size-thumbnail\" alt=\"\" \/><\/a>\n\t\t\t<\/dt>\n<\/dl>\n<dl class='gallery-item'>\n<dt class='gallery-icon landscape'>\n\t\t\t\t<a href='http:\/\/laftmv.de\/rueberblick\/wp-content\/uploads\/2021\/05\/soziallisa-in-schwerin_2006-scaled.jpg'><img loading=\"lazy\" decoding=\"async\" width=\"150\" height=\"150\" src=\"http:\/\/laftmv.de\/rueberblick\/wp-content\/uploads\/2021\/05\/soziallisa-in-schwerin_2006-150x150.jpg\" class=\"attachment-thumbnail size-thumbnail\" alt=\"\" \/><\/a>\n\t\t\t<\/dt>\n<\/dl>\n<p><br style=\"clear: both\" \/>\n\t\t<\/div>\n<\/div>\n<div  class=\"wrc-column wrc-column-width-1 wrc-column-end\" >\n<p><strong>Silhouetten aus dem geschleiften Grenzdorf Lankow<\/strong><br \/>\nFiguren aus alten Familienalben an den Orten ihres ehemaligen Dorfes (heutiges Naturschutzgebiet) &#8211; Recherche und Fotoprojekt von Maren Winter <a href=\"http:\/\/maren-winter.de\/lankow\" target=\"_blank\" rel=\"noopener\">http:\/\/maren-winter.de\/lankow<\/a><\/p>\n<style type=\"text\/css\">\n\t\t\t#gallery-2 {\n\t\t\t\tmargin: auto;\n\t\t\t}\n\t\t\t#gallery-2 .gallery-item {\n\t\t\t\tfloat: left;\n\t\t\t\tmargin-top: 10px;\n\t\t\t\ttext-align: center;\n\t\t\t\twidth: 33%;\n\t\t\t}\n\t\t\t#gallery-2 img {\n\t\t\t\tborder: 2px solid #cfcfcf;\n\t\t\t}\n\t\t\t#gallery-2 .gallery-caption {\n\t\t\t\tmargin-left: 0;\n\t\t\t}\n\t\t\t\/* see gallery_shortcode() in wp-includes\/media.php *\/\n\t\t<\/style>\n<div id='gallery-2' class='gallery galleryid-145 gallery-columns-3 gallery-size-thumbnail'>\n<dl class='gallery-item'>\n<dt class='gallery-icon portrait'>\n\t\t\t\t<a href='http:\/\/laftmv.de\/rueberblick\/wp-content\/uploads\/2021\/05\/1a_paar_bearb_NZ7_6309-scaled.jpg'><img loading=\"lazy\" decoding=\"async\" width=\"150\" height=\"150\" src=\"http:\/\/laftmv.de\/rueberblick\/wp-content\/uploads\/2021\/05\/1a_paar_bearb_NZ7_6309-150x150.jpg\" class=\"attachment-thumbnail size-thumbnail\" alt=\"\" \/><\/a>\n\t\t\t<\/dt>\n<\/dl>\n<dl class='gallery-item'>\n<dt class='gallery-icon landscape'>\n\t\t\t\t<a href='http:\/\/laftmv.de\/rueberblick\/wp-content\/uploads\/2021\/05\/1a_opa_bearb2_NZ7_6209.jpg'><img loading=\"lazy\" decoding=\"async\" width=\"150\" height=\"150\" src=\"http:\/\/laftmv.de\/rueberblick\/wp-content\/uploads\/2021\/05\/1a_opa_bearb2_NZ7_6209-150x150.jpg\" class=\"attachment-thumbnail size-thumbnail\" alt=\"\" \/><\/a>\n\t\t\t<\/dt>\n<\/dl>\n<dl class='gallery-item'>\n<dt class='gallery-icon landscape'>\n\t\t\t\t<a href='http:\/\/laftmv.de\/rueberblick\/wp-content\/uploads\/2021\/05\/1a_kinder_wad_bearb_NZ7_6081.jpg'><img loading=\"lazy\" decoding=\"async\" width=\"150\" height=\"150\" src=\"http:\/\/laftmv.de\/rueberblick\/wp-content\/uploads\/2021\/05\/1a_kinder_wad_bearb_NZ7_6081-150x150.jpg\" class=\"attachment-thumbnail size-thumbnail\" alt=\"\" \/><\/a>\n\t\t\t<\/dt>\n<\/dl>\n<p><br style=\"clear: both\" \/><\/p>\n<dl class='gallery-item'>\n<dt class='gallery-icon landscape'>\n\t\t\t\t<a href='http:\/\/laftmv.de\/rueberblick\/wp-content\/uploads\/2021\/05\/abearb_NZ7_7846.jpg'><img loading=\"lazy\" decoding=\"async\" width=\"150\" height=\"150\" src=\"http:\/\/laftmv.de\/rueberblick\/wp-content\/uploads\/2021\/05\/abearb_NZ7_7846-150x150.jpg\" class=\"attachment-thumbnail size-thumbnail\" alt=\"\" \/><\/a>\n\t\t\t<\/dt>\n<\/dl>\n<dl class='gallery-item'>\n<dt class='gallery-icon landscape'>\n\t\t\t\t<a href='http:\/\/laftmv.de\/rueberblick\/wp-content\/uploads\/2021\/05\/aschafe_NZ7_6168.jpg'><img loading=\"lazy\" decoding=\"async\" width=\"150\" height=\"150\" src=\"http:\/\/laftmv.de\/rueberblick\/wp-content\/uploads\/2021\/05\/aschafe_NZ7_6168-150x150.jpg\" class=\"attachment-thumbnail size-thumbnail\" alt=\"\" \/><\/a>\n\t\t\t<\/dt>\n<\/dl>\n<dl class='gallery-item'>\n<dt class='gallery-icon landscape'>\n\t\t\t\t<a href='http:\/\/laftmv.de\/rueberblick\/wp-content\/uploads\/2021\/05\/making_off.jpg'><img loading=\"lazy\" decoding=\"async\" width=\"150\" height=\"150\" src=\"http:\/\/laftmv.de\/rueberblick\/wp-content\/uploads\/2021\/05\/making_off-150x150.jpg\" class=\"attachment-thumbnail size-thumbnail\" alt=\"\" \/><\/a>\n\t\t\t<\/dt>\n<\/dl>\n<p><br style=\"clear: both\" \/>\n\t\t<\/div>\n<\/div>\n<\/div>\n<p><!-- .wrc-column-grid --><\/p>\n<div class=\"wrc-column-grid wrc-column-grid-2\">\n<div  class=\"wrc-column wrc-column-width-1 wrc-column-start\" >\n<p><strong>Probenmitschnitte &#8211;<\/strong> <strong>experimentelles Theaterprojekt \u201cOniris\u00e9e\u201d<\/strong><br \/>\nmit Spielern aus verschiedenen L\u00e4ndern der Gro\u00dfregion SaarLorLux<br \/>\nFilm \/ Schnitt: Astrid Karger<\/p>\n<p><iframe loading=\"lazy\" title=\"YouTube video player\" src=\"https:\/\/www.youtube.com\/embed\/wNJsVqmu3fU?rel=0&amp;modestbranding=1\" width=\"560\" height=\"315\" frameborder=\"0\" allowfullscreen=\"allowfullscreen\"><\/iframe><\/p>\n<\/div>\n<div  class=\"wrc-column wrc-column-width-1 wrc-column-end\" >\n<p><strong>Ewig Leben &#8211; Volksm\u00e4rchen<br \/>\nBirte Bernstein, Funkenflug Erz\u00e4hlkunst<\/strong><br \/>\nFilm \/ Schnitt: Maren Winter<\/p>\n<p><iframe loading=\"lazy\" title=\"YouTube video player\" src=\"https:\/\/www.youtube.com\/embed\/e-RayxKnCnE?rel=0&amp;modestbranding=1\" width=\"560\" height=\"315\" frameborder=\"0\" allowfullscreen=\"allowfullscreen\"><\/iframe><\/p>\n<\/div>\n<\/div>\n<p><!-- .wrc-column-grid --><\/p>\n<div class=\"wrc-column-grid wrc-column-grid-2\">\n<div  class=\"wrc-column wrc-column-width-1 wrc-column-start\" >\n<p><strong>Interview zu \u201cOniris\u00e9e\u201d<br \/>\n<\/strong><strong>experimentelles Theaterprojekt <\/strong><br \/>\nmit Spielern aus verschiedenen L\u00e4ndern der Gro\u00dfregion SaarLorLux<\/p>\n<p><iframe loading=\"lazy\" title=\"YouTube video player\" src=\"https:\/\/www.youtube.com\/embed\/mN-awMtixbU?rel=0&amp;modestbranding=1\" width=\"560\" height=\"315\" frameborder=\"0\" allowfullscreen=\"allowfullscreen\"><\/iframe><\/p>\n<\/div>\n<div  class=\"wrc-column wrc-column-width-1 wrc-column-end\" >\n<p><strong>Unser kleiner Zweifel &#8211; <\/strong><strong>Theater Maskotte \/ Ute Kotte<\/strong><br \/>\naus &#8222;Sch\u00f6ner Leiden &#8211; eine Couch packt aus&#8220;<br \/>\nKamera \/ Schnitt: Klaus Schiebold, Ton: Frank Kotte<\/p>\n<p><iframe loading=\"lazy\" title=\"YouTube video player\" src=\"https:\/\/www.youtube.com\/embed\/stltOKbRZOw?rel=0&amp;modestbranding=1\" width=\"560\" height=\"315\" frameborder=\"0\" allowfullscreen=\"allowfullscreen\"><\/iframe><\/p>\n<\/div>\n<\/div>\n<p><!-- .wrc-column-grid --><\/p>\n<div class=\"wrc-column-grid wrc-column-grid-2\">\n<div  class=\"wrc-column wrc-column-width-1 wrc-column-start\" >\n<p><strong>Verwandtschaftsverh\u00e4ltnisse &#8211;<br \/>\nMargret Gampper, Bernd M\u00f6hl<br \/>\n<\/strong>Theater im Viertel, Saarbr\u00fccken, 06.05.2021<br \/>\nFilm \/ Schnitt: Astrid Karger<\/p>\n<p><iframe loading=\"lazy\" title=\"YouTube video player\" src=\"https:\/\/www.youtube.com\/embed\/vJdpFbLZ7F0?rel=0&amp;modestbranding=1\" width=\"560\" height=\"315\" frameborder=\"0\" allowfullscreen=\"allowfullscreen\" data-mce-fragment=\"1\"><\/iframe><\/p>\n<\/div>\n<div  class=\"wrc-column wrc-column-width-1 wrc-column-end\" >\n<p><strong>Freies Theater &#8222;Compagnie de Com\u00e9die&#8220; &#8211; Rostock <\/strong><br \/>\nin der B\u00dcHNE 602 und Open Air im Klostergarten,<br \/>\nProbe: Romeo und Julia<br \/>\nKamera \/ Schnitt: Maren Winter, Musik: <a href=\"http:\/\/www.musicfox.com\" target=\"_blank\" rel=\"noopener\">www.musicfox.com<\/a><\/p>\n<p><iframe loading=\"lazy\" title=\"YouTube video player\" src=\"https:\/\/www.youtube.com\/embed\/n9Wsftldf7Y?rel=0&amp;modestbranding=1\" width=\"560\" height=\"315\" frameborder=\"0\" allowfullscreen=\"allowfullscreen\"><\/iframe><\/p>\n<\/div>\n<\/div>\n<p><!-- .wrc-column-grid --><\/p>\n<div class=\"wrc-column-grid wrc-column-grid-2\">\n<div  class=\"wrc-column wrc-column-width-1 wrc-column-start\" >\n<p><strong>Stadtf\u00fchrung durch Saarbr\u00fccken mit Julien Blondel<br \/>\nund\u00a0 performativen \u00dcberraschungen der Freien Szene Saar (Zusammenfassung)<br \/>\n<\/strong>Film \/ Schnitt: Astrid Karger<\/p>\n<p><iframe loading=\"lazy\" title=\"YouTube video player\" src=\"https:\/\/www.youtube.com\/embed\/wcQqQ9nCDKw?rel=0&amp;modestbranding=1\" width=\"560\" height=\"315\" frameborder=\"0\" allowfullscreen=\"allowfullscreen\" data-mce-fragment=\"1\"><\/iframe><\/p>\n<\/div>\n<div  class=\"wrc-column wrc-column-width-1 wrc-column-end\" >\n<p><strong>Puppentheater Schlott<\/strong><br \/>\nDoris und Ulli Schlott oder &#8222;die mit den Puppen tanzen&#8220;<br \/>\nImpressionen von Haus, Hof, Theater &#8230;<br \/>\n&#8230; und Leben<br \/>\nProduktion: Franziska Wegner<br \/>\n<iframe loading=\"lazy\" title=\"YouTube video player\" src=\"https:\/\/www.youtube.com\/embed\/ZKwHUsQEkpo?rel=0&amp;modestbranding=1\" width=\"560\" height=\"315\" frameborder=\"0\" allowfullscreen=\"allowfullscreen\"><\/iframe><\/p>\n<\/div>\n<\/div>\n<p><!-- .wrc-column-grid --><\/p>\n<div class=\"wrc-column-grid wrc-column-grid-2\">\n<div  class=\"wrc-column wrc-column-width-1 wrc-column-start\" >\n<p><strong>Stadtf\u00fchrung &#8211; Kollektiv My Wife<\/strong><br \/>\nim Treppenhaus des virtuellen Produktionshauses der Freien Szene Saar mit Monika Bagdonaite, Julien Blondel, Katharina Bihler, Klaus Harth, Stefan Scheib, Beate Garmer<\/p>\n<p><iframe loading=\"lazy\" title=\"YouTube video player\" src=\"https:\/\/www.youtube.com\/embed\/cBixlvGbUpE?rel=0&amp;modestbranding=1\" width=\"560\" height=\"315\" frameborder=\"0\" allowfullscreen=\"allowfullscreen\"><\/iframe><\/p>\n<\/div>\n<div  class=\"wrc-column wrc-column-width-1 wrc-column-end\" >\n<p><strong><a id=\"wassermuhme\"><\/a>Die Wassermuhme<\/strong><br \/>\nMecklenburgische Sage als &#8222;Miniaturoper&#8220;<br \/>\nJanina Howitz und Siegfried Weber &#8211; Musik Theater Cammin<br \/>\nKamera \/ Schnitt:\u00a0 Maren Winter<\/p>\n<p><iframe loading=\"lazy\" title=\"YouTube video player\" src=\"https:\/\/www.youtube.com\/embed\/-a1HbEt1Itg?rel=0&amp;modestbranding=1\" width=\"560\" height=\"315\" frameborder=\"0\" allowfullscreen=\"allowfullscreen\" data-mce-fragment=\"1\"><\/iframe><\/p>\n<\/div>\n<\/div>\n<p><!-- .wrc-column-grid --><\/p>\n<div class=\"wrc-column-grid wrc-column-grid-2\">\n<div  class=\"wrc-column wrc-column-width-1 wrc-column-start\" >\n<p><strong>Stadtf\u00fchrung &#8211; Erz\u00e4hl&#8216; mir ein Bild<\/strong><br \/>\nKlaus Harth beschreibt ein Werk von Rikou Ueda und stellt seine eigene Arbeit &#8222;Der Radiozeichner&#8220; vor<br \/>\nFilm \/ Schnitt Astrid Karger<\/p>\n<p><iframe loading=\"lazy\" title=\"YouTube video player\" src=\"https:\/\/www.youtube.com\/embed\/dKIMrWUqFbM?rel=0&amp;modestbranding=1\" width=\"560\" height=\"315\" frameborder=\"0\" allowfullscreen=\"allowfullscreen\" data-mce-fragment=\"1\"><\/iframe><\/p>\n<\/div>\n<div  class=\"wrc-column wrc-column-width-1 wrc-column-end\" >\n<p><strong><a id=\"eintagsfliege\"><\/a>Die Eintagsfliege<br \/>\n<\/strong>Stephan R\u00e4tsch &#8211; Theater mit Puppen<\/p>\n<p>Kamera \/ Schnitt: Diana Olbert<\/p>\n<p><iframe loading=\"lazy\" title=\"YouTube video player\" src=\"https:\/\/www.youtube.com\/embed\/VOV3gKn-RQ0?rel=0&amp;modestbranding=1\" width=\"560\" height=\"315\" frameborder=\"0\" allowfullscreen=\"allowfullscreen\" data-mce-fragment=\"1\"><\/iframe><\/p>\n<\/div>\n<\/div>\n<p><!-- .wrc-column-grid --><\/p>\n<div class=\"wrc-column-grid wrc-column-grid-2\">\n<div  class=\"wrc-column wrc-column-width-1 wrc-column-start\" >\n<p><strong>Stadtf\u00fchrung &#8211; Saarl\u00e4ndische Limericks<br \/>\n<\/strong>gelesen von Barbara Scheck &amp; Peter Tiefenbrunner &#8211;<strong><br \/>\n<\/strong> Film \/ Schnitt: Astrid Karger<\/p>\n<p><iframe loading=\"lazy\" title=\"YouTube video player\" src=\"https:\/\/www.youtube.com\/embed\/m7iynU_2WdI?rel=0&amp;modestbranding=1\" width=\"560\" height=\"315\" frameborder=\"0\" allowfullscreen=\"allowfullscreen\" data-mce-fragment=\"1\"><\/iframe><\/p>\n<\/div>\n<div  class=\"wrc-column wrc-column-width-1 wrc-column-end\" >\n<p><strong><a id=\"marta\"><\/a>Vorurteile \u00fcber das Saarland<\/strong><br \/>\nMarta Olejko im Gespr\u00e4ch mit Doris<br \/>\nKamera \/ Schnitt: Jens Enno Born &#8211; NO-Film<\/p>\n<p><iframe loading=\"lazy\" title=\"YouTube video player\" src=\"https:\/\/www.youtube.com\/embed\/HsUAIr9j-LE?rel=0&amp;modestbranding=1\" width=\"560\" height=\"315\" frameborder=\"0\" allowfullscreen=\"allowfullscreen\" data-mce-fragment=\"1\"><\/iframe><\/p>\n<\/div>\n<\/div>\n<p><!-- .wrc-column-grid --><\/p>\n<div class=\"wrc-column-grid wrc-column-grid-2\">\n<div  class=\"wrc-column wrc-column-width-1 wrc-column-start\" >\n<p><strong>Stadtf\u00fchrung &#8211; Schubertlied und gesungene Vorurteile \u00fcber M-V<\/strong><br \/>\nThomas Layes, Eliza Wiles, Ralf Peter\u00a0 &#8211; <a href=\"http:\/\/laftmv.de\/rueberblick\/wp-content\/uploads\/2021\/05\/Vorurteile-Impro-McPom-Libretto.pdf\" target=\"_blank\" rel=\"noopener\"><strong>Libretto als pdf &gt;&gt;<\/strong><\/a><br \/>\nFilm \/ Schnitt: Astrid Karger<\/p>\n<p><iframe loading=\"lazy\" title=\"YouTube video player\" src=\"https:\/\/www.youtube.com\/embed\/AHwqA4S8I5o?rel=0&amp;modestbranding=1\" width=\"560\" height=\"315\" frameborder=\"0\" allowfullscreen=\"allowfullscreen\" data-mce-fragment=\"1\"><\/iframe><\/p>\n<\/div>\n<div  class=\"wrc-column wrc-column-width-1 wrc-column-end\" >\n<p><strong><a id=\"maraene\"><\/a>Wie die Mar\u00e4ne in den Schaalsee kam<br \/>\n<\/strong>Mecklenburgische Sage gespielt von D\u00f6rte Kiehn &amp; Cornelia Unrauh<br \/>\nKamera \/ Schnitt: Maren Winter<\/p>\n<p><iframe loading=\"lazy\" title=\"YouTube video player\" src=\"https:\/\/www.youtube.com\/embed\/BDnWOH3mJVo?rel=0&amp;modestbranding=1\" width=\"560\" height=\"315\" frameborder=\"0\" allowfullscreen=\"allowfullscreen\" data-mce-fragment=\"1\"><\/iframe><\/p>\n<\/div>\n<\/div>\n<p><!-- .wrc-column-grid --><\/p>\n<div class=\"wrc-column-grid wrc-column-grid-2\">\n<div  class=\"wrc-column wrc-column-width-1 wrc-column-start\" >\n<p><strong>Stadtf\u00fchrung &#8211; \u201cAmor per ti sempre\u201d (Johannes Ciconia)<br \/>\n<\/strong>Claudia Kemmerer mit Gesang und Wasserorgel in der Unterf\u00fchrung an der Saar<br \/>\nFilm \/ Schnitt: Astrid Karger<\/p>\n<p><iframe loading=\"lazy\" title=\"YouTube video player\" src=\"https:\/\/www.youtube.com\/embed\/L6OYNEpPiNM?rel=0&amp;modestbranding=1\" width=\"560\" height=\"315\" frameborder=\"0\" allowfullscreen=\"allowfullscreen\" data-mce-fragment=\"1\"><\/iframe><\/p>\n<\/div>\n<div  class=\"wrc-column wrc-column-width-1 wrc-column-end\" >\n<p><a id=\"bademeester\"><\/a><strong>Bademeester J\u00fcnni &#8211; Walkact von Sven Lange<\/strong><br \/>\nam Strand Nienhagen mit LAFT-MV-Mitgliedern und Deligierten der Freien Szene Saar<br \/>\nKamera \/ Schnitt: Maren Winter, Musik: <a href=\"http:\/\/www.musicfox.com\" target=\"_blank\" rel=\"noopener\">www.musicfox.com<\/a><\/p>\n<p><iframe loading=\"lazy\" title=\"YouTube video player\" src=\"https:\/\/www.youtube.com\/embed\/BOMJOe17fMk?rel=0&amp;modestbranding=1\" width=\"560\" height=\"315\" frameborder=\"0\" allowfullscreen=\"allowfullscreen\" data-mce-fragment=\"1\"><\/iframe><\/p>\n<\/div>\n<\/div>\n<p><!-- .wrc-column-grid --><\/p>\n<div class=\"wrc-column-grid wrc-column-grid-2\">\n<div  class=\"wrc-column wrc-column-width-1 wrc-column-start\" >\n<p><strong>Stadtf\u00fchrung &#8211; Produktion des Korso Op Kollektivs &#8222;Lost Puppy&#8220;<\/strong><br \/>\nKatharina und Jana aus M-V als Zuschauer bei der Videoaufzeichnung<br \/>\nKamera \/ Schnitt: Frederic Zenner<\/p>\n<p><iframe loading=\"lazy\" title=\"YouTube video player\" src=\"https:\/\/www.youtube.com\/embed\/ldQJMEUM5fk?rel=0&amp;modestbranding=1\" width=\"560\" height=\"315\" frameborder=\"0\" allowfullscreen=\"allowfullscreen\" data-mce-fragment=\"1\"><\/iframe><\/p>\n<p><strong>\u00a0<\/strong><\/p>\n<\/div>\n<div  class=\"wrc-column wrc-column-width-1 wrc-column-end\" >\n<p><strong>tanzland-rostock Teaser 2021<\/strong><br \/>\nindoor &#8211; outdoor &#8211; everywhere<\/p>\n<p>&nbsp;<\/p>\n<p><iframe loading=\"lazy\" title=\"YouTube video player\" src=\"https:\/\/www.youtube.com\/embed\/S85g_6QhaGA?rel=0&amp;modestbranding=1\" width=\"560\" height=\"315\" frameborder=\"0\" allowfullscreen=\"allowfullscreen\" data-mce-fragment=\"1\"><\/iframe><\/p>\n<\/div>\n<\/div>\n<p><!-- .wrc-column-grid --><\/p>\n<div class=\"wrc-column-grid wrc-column-grid-2\">\n<div  class=\"wrc-column wrc-column-width-1 wrc-column-start\" >\n<p><strong>M\u00e4rchen von Grrrr &#8211; L\u00e4uschen und Fl\u00f6hchen<\/strong><br \/>\nVon und mit: Ralf Peter, \u00c9lodie Brochier, Wollie Kaiser<br \/>\nTheater im Viertel, Saarbr\u00fccken<\/p>\n<p><iframe loading=\"lazy\" title=\"YouTube video player\" src=\"https:\/\/www.youtube.com\/embed\/MBRK3qJYuhA?rel=0&amp;modestbranding=1\" width=\"560\" height=\"315\" frameborder=\"0\" allowfullscreen=\"allowfullscreen\" data-mce-fragment=\"1\"><\/iframe><\/p>\n<\/div>\n<div  class=\"wrc-column wrc-column-width-1 wrc-column-end\" >\n<p><strong>BaseAndFly &#8211; Akrobatik &#8211; Johanna &amp; Andreas Schmidt<\/strong><br \/>\nbeim r\u00dcBERBLICK-Meeting 09.06.2021 Klostergarten Rostock<br \/>\nKamera \/ Schnitt: Maren Winter<\/p>\n<p><iframe loading=\"lazy\" title=\"YouTube video player\" src=\"https:\/\/www.youtube.com\/embed\/hU83Ud4XBNs?rel=0&amp;modestbranding=1\" width=\"560\" height=\"315\" frameborder=\"0\" allowfullscreen=\"allowfullscreen\" data-mce-fragment=\"1\"><\/iframe><\/p>\n<\/div>\n<\/div>\n<p><!-- .wrc-column-grid --><\/p>\n<div class=\"wrc-column-grid wrc-column-grid-2\">\n<div  class=\"wrc-column wrc-column-width-1 wrc-column-start\" >\n<p>&nbsp;<\/p>\n<\/div>\n<div  class=\"wrc-column wrc-column-width-1 wrc-column-end\" >\n<p><strong>Opernale e.V.<\/strong><br \/>\nInstitut f\u00fcr Musik &amp; Theater in Vorpommern<br \/>\nVideo: Filmvision Marten K\u00e4hlert, <a href=\"https:\/\/www.filmvision.net\/\" target=\"_blank\" rel=\"noopener\">www.FilmVision.net<\/a><\/p>\n<p><iframe loading=\"lazy\" title=\"YouTube video player\" src=\"https:\/\/www.youtube.com\/embed\/iwqiU03vMqA?rel=0&amp;modestbranding=1\" width=\"560\" height=\"315\" frameborder=\"0\" allowfullscreen=\"allowfullscreen\" data-mce-fragment=\"1\"><\/iframe><\/p>\n<\/div>\n<\/div>\n<p><!-- .wrc-column-grid --><\/p>\n","protected":false},"excerpt":{"rendered":"<p>Mitglieder der beiden Landesverb\u00e4nde zeigen Beitr\u00e4ge zu ihrer Arbeit im Rahmen des Projekts r\u00dcberblick &#8211; Kulturaustausch 2021 &nbsp;<\/p>\n <a class=\"more-link\" href=\"http:\/\/laftmv.de\/rueberblick\/mitglieder-clips\/\"><span class=\"more-msg\">Weiterlesen &rarr;<\/span><\/a>","protected":false},"author":1,"featured_media":0,"parent":0,"menu_order":6,"comment_status":"closed","ping_status":"closed","template":"","meta":{"footnotes":""},"class_list":["post-145","page","type-page","status-publish","hentry"],"_links":{"self":[{"href":"http:\/\/laftmv.de\/rueberblick\/wp-json\/wp\/v2\/pages\/145","targetHints":{"allow":["GET"]}}],"collection":[{"href":"http:\/\/laftmv.de\/rueberblick\/wp-json\/wp\/v2\/pages"}],"about":[{"href":"http:\/\/laftmv.de\/rueberblick\/wp-json\/wp\/v2\/types\/page"}],"author":[{"embeddable":true,"href":"http:\/\/laftmv.de\/rueberblick\/wp-json\/wp\/v2\/users\/1"}],"replies":[{"embeddable":true,"href":"http:\/\/laftmv.de\/rueberblick\/wp-json\/wp\/v2\/comments?post=145"}],"version-history":[{"count":81,"href":"http:\/\/laftmv.de\/rueberblick\/wp-json\/wp\/v2\/pages\/145\/revisions"}],"predecessor-version":[{"id":1257,"href":"http:\/\/laftmv.de\/rueberblick\/wp-json\/wp\/v2\/pages\/145\/revisions\/1257"}],"wp:attachment":[{"href":"http:\/\/laftmv.de\/rueberblick\/wp-json\/wp\/v2\/media?parent=145"}],"curies":[{"name":"wp","href":"https:\/\/api.w.org\/{rel}","templated":true}]}}