{"id":1271,"date":"2024-06-14T16:30:15","date_gmt":"2024-06-14T14:30:15","guid":{"rendered":"http:\/\/laftmv.de\/rueberblick\/?page_id=1271"},"modified":"2024-06-14T16:37:03","modified_gmt":"2024-06-14T14:37:03","slug":"projekt","status":"publish","type":"page","link":"http:\/\/laftmv.de\/rueberblick\/projekt\/","title":{"rendered":"Das Projekt"},"content":{"rendered":"<p><span style=\"font-size: 14pt;\">r\u00dcBERBLICK &#8211; Kulturaustausch <\/span> <span style=\"font-size: 14pt;\">Ein Projekt des LAFT MV e.V. in Zusammenarbeit mit Netzwerk Freie Szene Saar e.V.<\/span><\/p>\r\n<p style=\"text-align: justify;\">Die darstellenden K\u00fcnste stehen derzeit auf dem Abstellgleis, ein j\u00e4her Stopp auf freier Strecke, Weiterfahrt ungewiss&#8230; Zwei Landesverb\u00e4nde, die \u00e4hnlich strukturschwache Regionen vertreten, mit einer \u00e4hnlich vergleichsweise unterfinanzierten F\u00f6rderstruktur (MV und Saar) erkunden in gegenseitigem performativen Austauschformaten die M\u00f6glichkeiten der Weiterentwicklung ihrer Verbandsarbeit im Hinblick auf Struktur, Kulturpolitik und Spielorte. In pers\u00f6nlichen Begegnungen werden Kontakte gekn\u00fcpft und Visionen kreiert. Das Projekt ist der Auftakt f\u00fcr eine dauerhafte Kooperation.<\/p>\r\n<!-- \/wp:post-content -->\r\n\r\n<!-- wp:quote -->\r\n<blockquote class=\"wp-block-quote\">Was verbindet das Fl\u00e4chenland \u201eMeckPomm\u201c mit dem kleinen Saarland (au\u00dfer der Defizite und Vorurteile: Bodenst\u00e4ndig oder st\u00e4ndig am Boden)? Sicher verbindet uns eine eher dezentral agierende freie Szene; der unb\u00e4ndige Wille, Kultur, Kunst und kulturpolitische Interessen mittels ungew\u00f6hnlicher Wege (mit) zu gestalten (z.B. die Projekte \u201eDie Suppe kocht sich nicht von allein\u201c Saarland\/ \u201eMeer Liebe\u201c Mecklenburg Vorpommern); aber auch eine gro\u00dfe Neugier auf pers\u00f6nlichen Austausch.<\/blockquote>\r\n<!-- \/wp:quote -->\r\n\r\n<!-- wp:paragraph -->\r\n<p style=\"text-align: justify;\">Es gibt also naheliegende Gr\u00fcnde, einander kennenzulernen. Der kulturelle Perspektivwechsel soll einen Austausch und die Verhandlung unterschiedlicher \u00e4sthetischer Positionen, lokaler Kontexte, k\u00fcnstlerischer Traditionen erm\u00f6glichen und nicht zuletzt die k\u00fcnstlerische und kulturpolitische Eigenwahrnehmung durch den Blick des Gastes auf den Pr\u00fcfstein setzen. Doch bei aller Politik vernetzen sich hier vor allem K\u00fcnstler*innen. Und das ist h\u00f6chstes sch\u00f6pferisches Potential f\u00fcr einen Kulturaustausch auf Augenh\u00f6he.<\/p>\r\n<!-- \/wp:paragraph -->\r\n\r\n<!-- wp:quote -->\r\n<blockquote class=\"wp-block-quote\">Zwei Delegationen von K\u00fcnstlerkollektiven (KK) machen sich mit Abstand von ein paar Wochen auf den Weg zu gegenseitigen Besuchen. Diese werden in <strong>6 Thementagen<\/strong> strukturiert jeweils drei pro Besuch und Bundesland. Die \u00fcbergeordneten Ziele dabei sind Bestandsaufnahme, Wissenstransfer und Netzwerkbildung. Derzeit in Planung: \u2022 Spielorte \u2022 F\u00f6rderm\u00f6glichkeiten \u2022 L\u00e4ndlicher Raum\/dezentrale Szene \u2022 Organisationsstruktur der LV \u2022 Aktuelle Themen der k\u00fcnstlerischen Arbeit \u2022 Visionen<\/blockquote>\r\n<!-- \/wp:quote -->\r\n\r\n<!-- wp:paragraph -->\r\n<p style=\"text-align: justify;\">Eine enge Abstimmung erfolgt in regelm\u00e4\u00dfigen digitalen Sitzungen mit den Vorst\u00e4nden der LVs. Die Planungen und Programme der Thementage mit Performances, Open Air Kongressen und Austauschformaten werden hybrid umgesetzt und durchgef\u00fchrt (z.B.\u00a0 Abend mit Freunden aus Kunst und Politik oder kulturelle Landpartie zum Kennenlernen der Spielst\u00e4tten der freien Szene) .<\/p>\r\n<blockquote class=\"wp-block-quote\"><strong>Der letzte Tag &#8211; VISIONEN <\/strong>\u2022 Die Spielorterfahrungen werden ausgewertet, M\u00f6glichkeiten zur Erschlie\u00dfung neuer Spielr\u00e4ume werden formuliert \u2022 Zwei Landesverb\u00e4nde entwerfen gemeinsame Strategien f\u00fcr eine Verbesserung der kulturpolitischen Rahmenbedingungen \u2022 Besonderheiten der Arbeit der freien darstellenden K\u00fcnste in \u00fcberwiegend l\u00e4ndlich gepr\u00e4gten Regionen werden herausgearbeitet \u2022 Netzwerkstrategien f\u00fcr eine nachhaltige Zusammenarbeit der beiden LVs werden entwickelt \u2022 Aufbau von k\u00fcnstlerischen Kooperationen<\/blockquote>\r\n<!-- \/wp:paragraph -->\r\n<p><img loading=\"lazy\" decoding=\"async\" class=\"size-medium wp-image-37 alignleft\" src=\"http:\/\/laftmv.de\/rueberblick\/wp-content\/uploads\/2021\/04\/DAKU_Logokombi_04-01-300x109.jpg\" alt=\"\" width=\"300\" height=\"109\" srcset=\"http:\/\/laftmv.de\/rueberblick\/wp-content\/uploads\/2021\/04\/DAKU_Logokombi_04-01-300x109.jpg 300w, http:\/\/laftmv.de\/rueberblick\/wp-content\/uploads\/2021\/04\/DAKU_Logokombi_04-01-768x280.jpg 768w, http:\/\/laftmv.de\/rueberblick\/wp-content\/uploads\/2021\/04\/DAKU_Logokombi_04-01-1536x560.jpg 1536w, http:\/\/laftmv.de\/rueberblick\/wp-content\/uploads\/2021\/04\/DAKU_Logokombi_04-01-2048x746.jpg 2048w\" sizes=\"auto, (max-width: 300px) 100vw, 300px\" \/> Gef\u00f6rdert vom Fonds Darstellende K\u00fcnste aus Mitteln der Beauftragten der Bundesregierung f\u00fcr Kultur und Medien<\/p>","protected":false},"excerpt":{"rendered":"<p>r\u00dcBERBLICK &#8211; Kulturaustausch Ein Projekt des LAFT MV e.V. in Zusammenarbeit mit Netzwerk Freie Szene Saar e.V. Die darstellenden K\u00fcnste stehen derzeit auf dem Abstellgleis, ein j\u00e4her Stopp auf freier Strecke, Weiterfahrt ungewiss&#8230; Zwei Landesverb\u00e4nde, die \u00e4hnlich strukturschwache Regionen vertreten, <span class=\"excerpt-dots\">&hellip;<\/span> <a class=\"more-link\" href=\"http:\/\/laftmv.de\/rueberblick\/projekt\/\"><span class=\"more-msg\">Weiterlesen &rarr;<\/span><\/a><\/p>\n","protected":false},"author":1,"featured_media":0,"parent":0,"menu_order":0,"comment_status":"closed","ping_status":"closed","template":"","meta":{"footnotes":""},"class_list":["post-1271","page","type-page","status-publish","hentry"],"_links":{"self":[{"href":"http:\/\/laftmv.de\/rueberblick\/wp-json\/wp\/v2\/pages\/1271","targetHints":{"allow":["GET"]}}],"collection":[{"href":"http:\/\/laftmv.de\/rueberblick\/wp-json\/wp\/v2\/pages"}],"about":[{"href":"http:\/\/laftmv.de\/rueberblick\/wp-json\/wp\/v2\/types\/page"}],"author":[{"embeddable":true,"href":"http:\/\/laftmv.de\/rueberblick\/wp-json\/wp\/v2\/users\/1"}],"replies":[{"embeddable":true,"href":"http:\/\/laftmv.de\/rueberblick\/wp-json\/wp\/v2\/comments?post=1271"}],"version-history":[{"count":2,"href":"http:\/\/laftmv.de\/rueberblick\/wp-json\/wp\/v2\/pages\/1271\/revisions"}],"predecessor-version":[{"id":1276,"href":"http:\/\/laftmv.de\/rueberblick\/wp-json\/wp\/v2\/pages\/1271\/revisions\/1276"}],"wp:attachment":[{"href":"http:\/\/laftmv.de\/rueberblick\/wp-json\/wp\/v2\/media?parent=1271"}],"curies":[{"name":"wp","href":"https:\/\/api.w.org\/{rel}","templated":true}]}}